{"id":5946,"date":"2019-10-29T19:40:54","date_gmt":"2019-10-29T19:40:54","guid":{"rendered":"http:\/\/efye.org\/?page_id=5946"},"modified":"2026-02-21T09:11:44","modified_gmt":"2026-02-21T09:11:44","slug":"newsletter","status":"publish","type":"page","link":"https:\/\/efye.org\/en\/newsletter","title":{"rendered":"Newsletter"},"content":{"rendered":"<div data-elementor-type=\"wp-page\" data-elementor-id=\"5946\" class=\"elementor elementor-5946\">\n\t\t\t\t\t\t<section class=\"elementor-section elementor-top-section elementor-element elementor-element-64b94d4 elementor-section-boxed elementor-section-height-default elementor-section-height-default\" data-id=\"64b94d4\" data-element_type=\"section\" data-e-type=\"section\">\n\t\t\t\t\t\t<div class=\"elementor-container elementor-column-gap-default\">\n\t\t\t\t\t<div class=\"elementor-column elementor-col-100 elementor-top-column elementor-element elementor-element-9dad76a\" data-id=\"9dad76a\" data-element_type=\"column\" data-e-type=\"column\">\n\t\t\t<div class=\"elementor-widget-wrap elementor-element-populated\">\n\t\t\t\t\t\t<div class=\"elementor-element elementor-element-bcc0408 elementor-arrows-position-inside elementor-pagination-position-outside elementor-widget elementor-widget-image-carousel\" data-id=\"bcc0408\" data-element_type=\"widget\" data-e-type=\"widget\" data-settings=\"{&quot;slides_to_show&quot;:&quot;1&quot;,&quot;navigation&quot;:&quot;both&quot;,&quot;autoplay&quot;:&quot;yes&quot;,&quot;pause_on_hover&quot;:&quot;yes&quot;,&quot;pause_on_interaction&quot;:&quot;yes&quot;,&quot;autoplay_speed&quot;:5000,&quot;infinite&quot;:&quot;yes&quot;,&quot;effect&quot;:&quot;slide&quot;,&quot;speed&quot;:500}\" data-widget_type=\"image-carousel.default\">\n\t\t\t\t<div class=\"elementor-widget-container\">\n\t\t\t\t\t\t\t<div class=\"elementor-image-carousel-wrapper swiper\" role=\"region\" aria-roledescription=\"carousel\" aria-label=\"Bild Karussell\" dir=\"ltr\">\n\t\t\t<div class=\"elementor-image-carousel swiper-wrapper swiper-image-stretch\" aria-live=\"off\">\n\t\t\t\t\t\t\t\t<div class=\"swiper-slide\" role=\"group\" aria-roledescription=\"slide\" aria-label=\"1 von 1\"><figure class=\"swiper-slide-inner\"><img decoding=\"async\" class=\"swiper-slide-image\" src=\"https:\/\/efye.org\/wp-content\/uploads\/2020\/06\/EFYE_Newsletter_Header.jpg\" alt=\"EFYE_Newsletter_Header\" \/><\/figure><\/div>\t\t\t<\/div>\n\t\t\t\t\t<\/div>\n\t\t\t\t\t\t<\/div>\n\t\t\t\t<\/div>\n\t\t\t\t\t<\/div>\n\t\t<\/div>\n\t\t\t\t\t<\/div>\n\t\t<\/section>\n\t\t\t\t<section class=\"elementor-section elementor-top-section elementor-element elementor-element-b4ae02a elementor-section-boxed elementor-section-height-default elementor-section-height-default\" data-id=\"b4ae02a\" data-element_type=\"section\" data-e-type=\"section\">\n\t\t\t\t\t\t<div class=\"elementor-container elementor-column-gap-default\">\n\t\t\t\t\t<div class=\"elementor-column elementor-col-100 elementor-top-column elementor-element elementor-element-140104b\" data-id=\"140104b\" data-element_type=\"column\" data-e-type=\"column\">\n\t\t\t<div class=\"elementor-widget-wrap elementor-element-populated\">\n\t\t\t\t\t\t<div class=\"elementor-element elementor-element-39f4833 elementor-hidden-phone elementor-widget elementor-widget-spacer\" data-id=\"39f4833\" data-element_type=\"widget\" data-e-type=\"widget\" data-widget_type=\"spacer.default\">\n\t\t\t\t<div class=\"elementor-widget-container\">\n\t\t\t\t\t\t\t<div class=\"elementor-spacer\">\n\t\t\t<div class=\"elementor-spacer-inner\"><\/div>\n\t\t<\/div>\n\t\t\t\t\t\t<\/div>\n\t\t\t\t<\/div>\n\t\t\t\t<div class=\"elementor-element elementor-element-9260cb1 elementor-widget elementor-widget-heading\" data-id=\"9260cb1\" data-element_type=\"widget\" data-e-type=\"widget\" data-widget_type=\"heading.default\">\n\t\t\t\t<div class=\"elementor-widget-container\">\n\t\t\t\t\t<h2 class=\"elementor-heading-title elementor-size-default\">Subscribe for the newsletter<\/h2>\t\t\t\t<\/div>\n\t\t\t\t<\/div>\n\t\t\t\t<div class=\"elementor-element elementor-element-09eef60 elementor-hidden-phone elementor-widget elementor-widget-text-editor\" data-id=\"09eef60\" data-element_type=\"widget\" data-e-type=\"widget\" data-widget_type=\"text-editor.default\">\n\t\t\t\t<div class=\"elementor-widget-container\">\n\t\t\t\t\t\t\t\t\t<p>To stay up to date, to receive regular information about our organization and to see the great progress of our school and the children, please subscribe to our newsletter: info.germany@efye.org<\/p>\t\t\t\t\t\t\t\t<\/div>\n\t\t\t\t<\/div>\n\t\t\t\t<div class=\"elementor-element elementor-element-de1d6c6 elementor-widget elementor-widget-spacer\" data-id=\"de1d6c6\" data-element_type=\"widget\" data-e-type=\"widget\" data-widget_type=\"spacer.default\">\n\t\t\t\t<div class=\"elementor-widget-container\">\n\t\t\t\t\t\t\t<div class=\"elementor-spacer\">\n\t\t\t<div class=\"elementor-spacer-inner\"><\/div>\n\t\t<\/div>\n\t\t\t\t\t\t<\/div>\n\t\t\t\t<\/div>\n\t\t\t\t<div class=\"elementor-element elementor-element-3a8f97a elementor-widget elementor-widget-shortcode\" data-id=\"3a8f97a\" data-element_type=\"widget\" data-e-type=\"widget\" data-widget_type=\"shortcode.default\">\n\t\t\t\t<div class=\"elementor-widget-container\">\n\t\t\t\t\t\t\t<div class=\"elementor-shortcode\">\n<div class=\"wpcf7 no-js\" id=\"wpcf7-f5768-o1\" lang=\"en-US\" dir=\"ltr\" data-wpcf7-id=\"5768\">\n<div class=\"screen-reader-response\"><p role=\"status\" aria-live=\"polite\" aria-atomic=\"true\"><\/p> <ul><\/ul><\/div>\n<form action=\"\/en\/wp-json\/wp\/v2\/pages\/5946#wpcf7-f5768-o1\" method=\"post\" class=\"wpcf7-form init wpcf7-acceptance-as-validation\" aria-label=\"Contact form\" novalidate=\"novalidate\" data-status=\"init\" data-trp-original-action=\"\/en\/wp-json\/wp\/v2\/pages\/5946#wpcf7-f5768-o1\">\n<fieldset class=\"hidden-fields-container\"><input type=\"hidden\" name=\"_wpcf7\" value=\"5768\" \/><input type=\"hidden\" name=\"_wpcf7_version\" value=\"6.1.5\" \/><input type=\"hidden\" name=\"_wpcf7_locale\" value=\"en_US\" \/><input type=\"hidden\" name=\"_wpcf7_unit_tag\" value=\"wpcf7-f5768-o1\" \/><input type=\"hidden\" name=\"_wpcf7_container_post\" value=\"0\" \/><input type=\"hidden\" name=\"_wpcf7_posted_data_hash\" value=\"\" \/>\n<\/fieldset>\n<div>\n\t<div>\n\t\t<p><span class=\"wpcf7-form-control-wrap\" data-name=\"your-name\"><input size=\"40\" maxlength=\"400\" class=\"wpcf7-form-control wpcf7-text wpcf7-validates-as-required\" aria-required=\"true\" aria-invalid=\"false\" placeholder=\"surname, first name*\" value=\"\" type=\"text\" name=\"your-name\" \/><\/span>\n\t\t<\/p>\n\t<\/div>\n\t<div>\n\t\t<p><span class=\"wpcf7-form-control-wrap\" data-name=\"your-email\"><input size=\"40\" maxlength=\"400\" class=\"wpcf7-form-control wpcf7-email wpcf7-validates-as-required wpcf7-text wpcf7-validates-as-email\" aria-required=\"true\" aria-invalid=\"false\" placeholder=\"e-mail*\" value=\"\" type=\"email\" name=\"your-email\" \/><\/span>\n\t\t<\/p>\n\t<\/div>\n\t<div>\n\t\t<p><span class=\"wpcf7-form-control-wrap\" data-name=\"dsgvo\"><span class=\"wpcf7-form-control wpcf7-acceptance\"><span class=\"wpcf7-list-item\"><label class=\"translation-block\"><span class=\"wpcf7-form-control-wrap dsgvo\"><span class=\"wpcf7-form-control wpcf7-acceptance\"><span class=\"wpcf7-list-item\"><label><span class=\"wpcf7-list-item-label\">Yes, I have read the <strong><a href=\"https:\/\/efye.org\/en\/datenschutz\/\" target=\"_self\">privacy policy<\/a><\/strong> and accept it.<\/span><\/label><\/span><\/span><\/span><\/div><\/span><\/label><\/span><\/span><\/span><br \/>\n<br class=\"clear\" \/><br \/>\n<input class=\"wpcf7-form-control wpcf7-submit has-spinner\" type=\"submit\" value=\"Subscribe\" \/>\n\t\t<\/p>\n\t<\/div>\n<input type=\"hidden\" name=\"trp-form-language\" value=\"en\"\/><\/div><div class=\"wpcf7-response-output\" aria-hidden=\"true\"><\/div>\n<\/form>\n<\/div>\n<\/div>\n\t\t\t\t\t\t<\/div>\n\t\t\t\t<\/div>\n\t\t\t\t<div class=\"elementor-element elementor-element-5433a5e elementor-widget elementor-widget-spacer\" data-id=\"5433a5e\" data-element_type=\"widget\" data-e-type=\"widget\" data-widget_type=\"spacer.default\">\n\t\t\t\t<div class=\"elementor-widget-container\">\n\t\t\t\t\t\t\t<div class=\"elementor-spacer\">\n\t\t\t<div class=\"elementor-spacer-inner\"><\/div>\n\t\t<\/div>\n\t\t\t\t\t\t<\/div>\n\t\t\t\t<\/div>\n\t\t\t\t<div class=\"elementor-element elementor-element-04db357 elementor-widget elementor-widget-spacer\" data-id=\"04db357\" data-element_type=\"widget\" data-e-type=\"widget\" data-widget_type=\"spacer.default\">\n\t\t\t\t<div class=\"elementor-widget-container\">\n\t\t\t\t\t\t\t<div class=\"elementor-spacer\">\n\t\t\t<div class=\"elementor-spacer-inner\"><\/div>\n\t\t<\/div>\n\t\t\t\t\t\t<\/div>\n\t\t\t\t<\/div>\n\t\t\t\t<div class=\"elementor-element elementor-element-7e32b9e elementor-widget elementor-widget-heading\" data-id=\"7e32b9e\" data-element_type=\"widget\" data-e-type=\"widget\" data-widget_type=\"heading.default\">\n\t\t\t\t<div class=\"elementor-widget-container\">\n\t\t\t\t\t<h2 class=\"elementor-heading-title elementor-size-default\">previous newsletters (in german)<\/h2>\t\t\t\t<\/div>\n\t\t\t\t<\/div>\n\t\t\t\t<div class=\"elementor-element elementor-element-cac247a elementor-widget elementor-widget-text-editor\" data-id=\"cac247a\" data-element_type=\"widget\" data-e-type=\"widget\" data-widget_type=\"text-editor.default\">\n\t\t\t\t<div class=\"elementor-widget-container\">\n\t\t\t\t\t\t\t\t\t<p>click to download\u00a0<\/p><p><a href=\"https:\/\/efye.org\/wp-content\/uploads\/2026\/02\/Newsletter-EFYE_02-2026.pdf\"><strong>Feb 2026<\/strong><\/a><\/p><p><strong><a href=\"https:\/\/efye.org\/wp-content\/uploads\/2026\/01\/Newsletter-EFYE_09-2025.pdf\">Sep 2025<\/a><\/strong><\/p><p><strong><a href=\"https:\/\/efye.org\/wp-content\/uploads\/2026\/01\/Newsletter-EFYE_01-2025.pdf\">Jan 2025<\/a><\/strong><\/p><p><a href=\"https:\/\/efye.org\/wp-content\/uploads\/2026\/01\/Newsletter-EFYE_05-2024-1-1.pdf\"><strong>May 2024<\/strong><\/a><\/p><p><strong><a href=\"https:\/\/efye.org\/wp-content\/uploads\/2023\/12\/Newsletter-EFYE_12-2023-1.pdf\">Dec 2024<\/a><\/strong><\/p><p><a href=\"https:\/\/efye.org\/wp-content\/uploads\/2023\/12\/Newsletter-EFYE_06-2023-1.pdf\"><strong>Jun 2023<\/strong><\/a><\/p><p><a href=\"https:\/\/efye.org\/wp-content\/uploads\/2022\/12\/Newsletter-EFYE_Dez-2022.pdf\"><strong>Dec 2022<\/strong><\/a><\/p><p><span style=\"font-weight: bold;\"><a href=\"https:\/\/efye.org\/wp-content\/uploads\/2021\/02\/Newsletter-EFYE_Dezember-2020.pdf\">Dez 2021<\/a><\/span><\/p><p><strong><a href=\"https:\/\/efye.org\/wp-content\/uploads\/2021\/02\/Newsletter-EFYE_Dezember-2020.pdf\">Dec 2021<\/a><\/strong><\/p><p><strong><a href=\"http:\/\/efye.org\/wp-content\/uploads\/2020\/01\/EFYE_Newsletter_Dez2019.pdf\">Dec 2019<\/a><\/strong><\/p><p><strong><a href=\"http:\/\/efye.org\/wp-content\/uploads\/2020\/06\/EFYE-Newsletter_Aug.-2019.pdf\">Aug 2019<\/a><\/strong><\/p>\t\t\t\t\t\t\t\t<\/div>\n\t\t\t\t<\/div>\n\t\t\t\t<div class=\"elementor-element elementor-element-638ad50 elementor-widget elementor-widget-spacer\" data-id=\"638ad50\" data-element_type=\"widget\" data-e-type=\"widget\" data-widget_type=\"spacer.default\">\n\t\t\t\t<div class=\"elementor-widget-container\">\n\t\t\t\t\t\t\t<div class=\"elementor-spacer\">\n\t\t\t<div class=\"elementor-spacer-inner\"><\/div>\n\t\t<\/div>\n\t\t\t\t\t\t<\/div>\n\t\t\t\t<\/div>\n\t\t\t\t<div class=\"elementor-element elementor-element-79964d9 elementor-shape-circle elementor-hidden-phone elementor-grid-0 e-grid-align-center elementor-widget elementor-widget-social-icons\" data-id=\"79964d9\" data-element_type=\"widget\" data-e-type=\"widget\" data-widget_type=\"social-icons.default\">\n\t\t\t\t<div class=\"elementor-widget-container\">\n\t\t\t\t\t\t\t<div class=\"elementor-social-icons-wrapper elementor-grid\" role=\"list\">\n\t\t\t\t\t\t\t<span class=\"elementor-grid-item\" role=\"listitem\">\n\t\t\t\t\t<a class=\"elementor-icon elementor-social-icon elementor-social-icon-facebook elementor-repeater-item-e43ec47\" href=\"https:\/\/www.facebook.com\/efye.educationcentre\/\" target=\"_blank\">\n\t\t\t\t\t\t<span class=\"elementor-screen-only\">Facebook<\/span>\n\t\t\t\t\t\t<i aria-hidden=\"true\" class=\"fab fa-facebook\"><\/i>\t\t\t\t\t<\/a>\n\t\t\t\t<\/span>\n\t\t\t\t\t\t\t<span class=\"elementor-grid-item\" role=\"listitem\">\n\t\t\t\t\t<a class=\"elementor-icon elementor-social-icon elementor-social-icon-twitter elementor-repeater-item-f04fe74\" href=\"https:\/\/twitter.com\/EFYEeducation\" target=\"_blank\">\n\t\t\t\t\t\t<span class=\"elementor-screen-only\">Twitter<\/span>\n\t\t\t\t\t\t<i aria-hidden=\"true\" class=\"fab fa-twitter\"><\/i>\t\t\t\t\t<\/a>\n\t\t\t\t<\/span>\n\t\t\t\t\t\t\t<span class=\"elementor-grid-item\" role=\"listitem\">\n\t\t\t\t\t<a class=\"elementor-icon elementor-social-icon elementor-social-icon-instagram elementor-repeater-item-2650c3d\" href=\"https:\/\/www.instagram.com\/efye.educationempowers\/?hl=de\" target=\"_blank\">\n\t\t\t\t\t\t<span class=\"elementor-screen-only\">Instagram<\/span>\n\t\t\t\t\t\t<i aria-hidden=\"true\" class=\"fab fa-instagram\"><\/i>\t\t\t\t\t<\/a>\n\t\t\t\t<\/span>\n\t\t\t\t\t\t\t<span class=\"elementor-grid-item\" role=\"listitem\">\n\t\t\t\t\t<a class=\"elementor-icon elementor-social-icon elementor-social-icon-linkedin elementor-repeater-item-a9d576e\" href=\"https:\/\/www.linkedin.com\/company\/eagle-s-fountain-youth-empowerment\/\" target=\"_blank\">\n\t\t\t\t\t\t<span class=\"elementor-screen-only\">Linkedin<\/span>\n\t\t\t\t\t\t<i aria-hidden=\"true\" class=\"fab fa-linkedin\"><\/i>\t\t\t\t\t<\/a>\n\t\t\t\t<\/span>\n\t\t\t\t\t<\/div>\n\t\t\t\t\t\t<\/div>\n\t\t\t\t<\/div>\n\t\t\t\t<div class=\"elementor-element elementor-element-38fe579 elementor-hidden-phone elementor-widget elementor-widget-spacer\" data-id=\"38fe579\" data-element_type=\"widget\" data-e-type=\"widget\" data-widget_type=\"spacer.default\">\n\t\t\t\t<div class=\"elementor-widget-container\">\n\t\t\t\t\t\t\t<div class=\"elementor-spacer\">\n\t\t\t<div class=\"elementor-spacer-inner\"><\/div>\n\t\t<\/div>\n\t\t\t\t\t\t<\/div>\n\t\t\t\t<\/div>\n\t\t\t\t\t<\/div>\n\t\t<\/div>\n\t\t\t\t\t<\/div>\n\t\t<\/section>\n\t\t\t\t<section class=\"elementor-section elementor-top-section elementor-element elementor-element-15d935b elementor-hidden-phone elementor-section-boxed elementor-section-height-default elementor-section-height-default\" data-id=\"15d935b\" data-element_type=\"section\" data-e-type=\"section\">\n\t\t\t\t\t\t<div class=\"elementor-container elementor-column-gap-default\">\n\t\t\t\t\t<div class=\"elementor-column elementor-col-33 elementor-top-column elementor-element elementor-element-f21527d\" data-id=\"f21527d\" data-element_type=\"column\" data-e-type=\"column\">\n\t\t\t<div class=\"elementor-widget-wrap elementor-element-populated\">\n\t\t\t\t\t\t<div class=\"elementor-element elementor-element-e54c7fa elementor-widget elementor-widget-image\" data-id=\"e54c7fa\" data-element_type=\"widget\" data-e-type=\"widget\" data-widget_type=\"image.default\">\n\t\t\t\t<div class=\"elementor-widget-container\">\n\t\t\t\t\t\t\t\t\t\t\t\t\t\t\t\t<a href=\"http:\/\/efye.org\/en\/team\/\">\n\t\t\t\t\t\t\t<img fetchpriority=\"high\" decoding=\"async\" width=\"640\" height=\"480\" src=\"https:\/\/efye.org\/wp-content\/uploads\/2020\/07\/Folie7.jpg\" class=\"attachment-large size-large wp-image-6798\" alt=\"\" srcset=\"https:\/\/efye.org\/wp-content\/uploads\/2020\/07\/Folie7.jpg 1512w, https:\/\/efye.org\/wp-content\/uploads\/2020\/07\/Folie7-300x225.jpg 300w, https:\/\/efye.org\/wp-content\/uploads\/2020\/07\/Folie7-1024x768.jpg 1024w, https:\/\/efye.org\/wp-content\/uploads\/2020\/07\/Folie7-768x576.jpg 768w, https:\/\/efye.org\/wp-content\/uploads\/2020\/07\/Folie7-600x450.jpg 600w\" sizes=\"(max-width: 640px) 100vw, 640px\" \/>\t\t\t\t\t\t\t\t<\/a>\n\t\t\t\t\t\t\t\t\t\t\t\t\t\t\t<\/div>\n\t\t\t\t<\/div>\n\t\t\t\t\t<\/div>\n\t\t<\/div>\n\t\t\t\t<div class=\"elementor-column elementor-col-33 elementor-top-column elementor-element elementor-element-368b1fa\" data-id=\"368b1fa\" data-element_type=\"column\" data-e-type=\"column\">\n\t\t\t<div class=\"elementor-widget-wrap elementor-element-populated\">\n\t\t\t\t\t\t<div class=\"elementor-element elementor-element-cc8a3a5 elementor-widget elementor-widget-image\" data-id=\"cc8a3a5\" data-element_type=\"widget\" data-e-type=\"widget\" data-widget_type=\"image.default\">\n\t\t\t\t<div class=\"elementor-widget-container\">\n\t\t\t\t\t\t\t\t\t\t\t\t\t\t\t\t<a href=\"http:\/\/efye.org\/en\/kontakt\/\">\n\t\t\t\t\t\t\t<img decoding=\"async\" width=\"640\" height=\"480\" src=\"https:\/\/efye.org\/wp-content\/uploads\/2020\/07\/Folie4.jpg\" class=\"attachment-large size-large wp-image-6795\" alt=\"\" srcset=\"https:\/\/efye.org\/wp-content\/uploads\/2020\/07\/Folie4.jpg 1512w, https:\/\/efye.org\/wp-content\/uploads\/2020\/07\/Folie4-300x225.jpg 300w, https:\/\/efye.org\/wp-content\/uploads\/2020\/07\/Folie4-1024x768.jpg 1024w, https:\/\/efye.org\/wp-content\/uploads\/2020\/07\/Folie4-768x576.jpg 768w, https:\/\/efye.org\/wp-content\/uploads\/2020\/07\/Folie4-600x450.jpg 600w\" sizes=\"(max-width: 640px) 100vw, 640px\" \/>\t\t\t\t\t\t\t\t<\/a>\n\t\t\t\t\t\t\t\t\t\t\t\t\t\t\t<\/div>\n\t\t\t\t<\/div>\n\t\t\t\t\t<\/div>\n\t\t<\/div>\n\t\t\t\t<div class=\"elementor-column elementor-col-33 elementor-top-column elementor-element elementor-element-0480a58\" data-id=\"0480a58\" data-element_type=\"column\" data-e-type=\"column\">\n\t\t\t<div class=\"elementor-widget-wrap elementor-element-populated\">\n\t\t\t\t\t\t<div class=\"elementor-element elementor-element-f8f5679 elementor-widget elementor-widget-image\" data-id=\"f8f5679\" data-element_type=\"widget\" data-e-type=\"widget\" data-widget_type=\"image.default\">\n\t\t\t\t<div class=\"elementor-widget-container\">\n\t\t\t\t\t\t\t\t\t\t\t\t\t\t\t\t<a href=\"http:\/\/efye.org\/en\/presse\/\">\n\t\t\t\t\t\t\t<img decoding=\"async\" width=\"640\" height=\"480\" src=\"https:\/\/efye.org\/wp-content\/uploads\/2020\/07\/Folie12.jpg\" class=\"attachment-large size-large wp-image-6803\" alt=\"\" srcset=\"https:\/\/efye.org\/wp-content\/uploads\/2020\/07\/Folie12.jpg 1512w, https:\/\/efye.org\/wp-content\/uploads\/2020\/07\/Folie12-300x225.jpg 300w, https:\/\/efye.org\/wp-content\/uploads\/2020\/07\/Folie12-1024x768.jpg 1024w, https:\/\/efye.org\/wp-content\/uploads\/2020\/07\/Folie12-768x576.jpg 768w, https:\/\/efye.org\/wp-content\/uploads\/2020\/07\/Folie12-600x450.jpg 600w\" sizes=\"(max-width: 640px) 100vw, 640px\" \/>\t\t\t\t\t\t\t\t<\/a>\n\t\t\t\t\t\t\t\t\t\t\t\t\t\t\t<\/div>\n\t\t\t\t<\/div>\n\t\t\t\t\t<\/div>\n\t\t<\/div>\n\t\t\t\t\t<\/div>\n\t\t<\/section>\n\t\t\t\t<\/div>","protected":false},"excerpt":{"rendered":"<p>Zum Newsletter anmelden Um auf dem Laufenden zu bleiben, regelm\u00e4\u00dfig Informationen \u00fcber unsere Organisation zu erhalten und die gro\u00dfartigen Fortschritte unserer Schule und der Kinder mitzubekommen, abonniere doch gerne unseren Newsletter: info.germany@efye.org Bisherige Newsletter Per Klick zum Download\u00a0 Feb 2026 Sep 2025 Jan 2025 Mai 2024 Dez 2023 Jun 2023 [&hellip;]<\/p>\n","protected":false},"author":1,"featured_media":0,"parent":0,"menu_order":0,"comment_status":"closed","ping_status":"closed","template":"","meta":{"footnotes":""},"class_list":["post-5946","page","type-page","status-publish","hentry"],"_links":{"self":[{"href":"https:\/\/efye.org\/en\/wp-json\/wp\/v2\/pages\/5946","targetHints":{"allow":["GET"]}}],"collection":[{"href":"https:\/\/efye.org\/en\/wp-json\/wp\/v2\/pages"}],"about":[{"href":"https:\/\/efye.org\/en\/wp-json\/wp\/v2\/types\/page"}],"author":[{"embeddable":true,"href":"https:\/\/efye.org\/en\/wp-json\/wp\/v2\/users\/1"}],"replies":[{"embeddable":true,"href":"https:\/\/efye.org\/en\/wp-json\/wp\/v2\/comments?post=5946"}],"version-history":[{"count":114,"href":"https:\/\/efye.org\/en\/wp-json\/wp\/v2\/pages\/5946\/revisions"}],"predecessor-version":[{"id":7933,"href":"https:\/\/efye.org\/en\/wp-json\/wp\/v2\/pages\/5946\/revisions\/7933"}],"wp:attachment":[{"href":"https:\/\/efye.org\/en\/wp-json\/wp\/v2\/media?parent=5946"}],"curies":[{"name":"wp","href":"https:\/\/api.w.org\/{rel}","templated":true}]}}