{"id":6530,"date":"2020-06-13T21:56:45","date_gmt":"2020-06-13T21:56:45","guid":{"rendered":"http:\/\/efye.org\/?page_id=6530"},"modified":"2020-08-16T14:50:59","modified_gmt":"2020-08-16T14:50:59","slug":"datenschutz","status":"publish","type":"page","link":"https:\/\/efye.org\/en\/datenschutz","title":{"rendered":"Data protection"},"content":{"rendered":"<div data-elementor-type=\"wp-page\" data-elementor-id=\"6530\" class=\"elementor elementor-6530\">\n\t\t\t\t\t\t<section class=\"elementor-section elementor-top-section elementor-element elementor-element-0f4f80b elementor-section-boxed elementor-section-height-default elementor-section-height-default\" data-id=\"0f4f80b\" data-element_type=\"section\" data-e-type=\"section\" data-settings=\"{&quot;background_background&quot;:&quot;classic&quot;}\">\n\t\t\t\t\t\t\t<div class=\"elementor-background-overlay\"><\/div>\n\t\t\t\t\t\t\t<div class=\"elementor-container elementor-column-gap-default\">\n\t\t\t\t\t<div class=\"elementor-column elementor-col-100 elementor-top-column elementor-element elementor-element-d0c76ea\" data-id=\"d0c76ea\" data-element_type=\"column\" data-e-type=\"column\">\n\t\t\t<div class=\"elementor-widget-wrap elementor-element-populated\">\n\t\t\t\t\t\t<div class=\"elementor-element elementor-element-870dc91 elementor-hidden-phone elementor-widget elementor-widget-spacer\" data-id=\"870dc91\" data-element_type=\"widget\" data-e-type=\"widget\" data-widget_type=\"spacer.default\">\n\t\t\t\t<div class=\"elementor-widget-container\">\n\t\t\t\t\t\t\t<div class=\"elementor-spacer\">\n\t\t\t<div class=\"elementor-spacer-inner\"><\/div>\n\t\t<\/div>\n\t\t\t\t\t\t<\/div>\n\t\t\t\t<\/div>\n\t\t\t\t<div class=\"elementor-element elementor-element-2228e9f elementor-widget elementor-widget-heading\" data-id=\"2228e9f\" data-element_type=\"widget\" data-e-type=\"widget\" data-widget_type=\"heading.default\">\n\t\t\t\t<div class=\"elementor-widget-container\">\n\t\t\t\t\t<h2 class=\"elementor-heading-title elementor-size-default\">Data protection<\/h2>\t\t\t\t<\/div>\n\t\t\t\t<\/div>\n\t\t\t\t<div class=\"elementor-element elementor-element-d914ea5 elementor-widget elementor-widget-text-editor\" data-id=\"d914ea5\" data-element_type=\"widget\" data-e-type=\"widget\" data-widget_type=\"text-editor.default\">\n\t\t\t\t<div class=\"elementor-widget-container\">\n\t\t\t\t\t\t\t\t\t<p><strong><span lang=\"DE\">Contact persons<\/span><\/strong><\/p>\n<p class=\"MsoNormal\"><span lang=\"DE\">If you have any further questions, please contact Marie Habdank, Maren Hildebrand and Tobias Hildebrand (info.germany@efye.org).<\/span><\/p>\n<p class=\"MsoNormal\"><span lang=\"DE\">&nbsp;<\/span><\/p>\n<p class=\"MsoNormal\"><strong><span lang=\"DE\">Data protection declaration<\/span><\/strong><\/p>\n<p class=\"MsoNormal\"><span lang=\"DE\">We have written this data protection declaration (version 16.06.2020) to explain to you, in accordance with the provisions of the General Data Protection Regulation (EU) 2016\/679, what information we collect, how we use data and what options you have as a visitor to this website .<\/span><\/p>\n<p class=\"MsoNormal\"><span lang=\"DE\">Unfortunately, it is in the nature of things that these explanations sound very technical, but we have tried to describe the most important things as simply and clearly as possible.<\/span><\/p>\n<p class=\"MsoNormal\"><span lang=\"DE\">&nbsp;<\/span><\/p>\n<p class=\"MsoNormal\"><strong><span lang=\"DE\">Automatic data storage<\/span><\/strong><\/p>\n<p class=\"MsoNormal\"><span lang=\"DE\">When you visit websites these days, certain information is automatically created and stored, including on this website.&nbsp;<\/span>If you visit our website as you are now, our web server (computer on which this website is stored) automatically saves data such as<\/p>\n<p class=\"MsoNormal\"><span lang=\"DE\">\u2022\u00a0\u00a0\u00a0\u00a0\u00a0\u00a0\u00a0\u00a0\u00a0\u00a0\u00a0\u00a0 the address (URL) of the website accessed<\/span><\/p>\n<p class=\"MsoNormal\"><span lang=\"DE\">\u2022\u00a0\u00a0\u00a0\u00a0\u00a0\u00a0\u00a0\u00a0\u00a0\u00a0\u00a0\u00a0 Browser and browser version<\/span><\/p>\n<p class=\"MsoNormal\"><span lang=\"DE\">\u2022\u00a0\u00a0\u00a0\u00a0\u00a0\u00a0\u00a0\u00a0\u00a0\u00a0\u00a0\u00a0 the operating system used<\/span><\/p>\n<p class=\"MsoNormal\"><span lang=\"DE\">\u2022\u00a0\u00a0\u00a0\u00a0\u00a0\u00a0\u00a0\u00a0\u00a0\u00a0\u00a0\u00a0 the address (URL) of the previously visited page (referrer URL)<\/span><\/p>\n<p class=\"MsoNormal\"><span lang=\"DE\">\u2022\u00a0\u00a0\u00a0\u00a0\u00a0\u00a0\u00a0\u00a0\u00a0\u00a0\u00a0\u00a0 the host name and the IP address of the device from which access is made<\/span><\/p>\n<p class=\"MsoNormal\"><span lang=\"DE\">\u2022\u00a0\u00a0\u00a0\u00a0\u00a0\u00a0\u00a0\u00a0\u00a0\u00a0\u00a0\u00a0 Datum und Uhrzeit&nbsp;<\/span>in files (web server log files).<\/p>\n<p class=\"MsoNormal\"><span lang=\"DE\">As a rule, web server log files are stored for two weeks and then automatically deleted. We do not pass on this data, but we cannot rule out that this data will be viewed in the event of illegal behavior.<\/span><\/p>\n<p class=\"MsoNormal\"><span lang=\"DE\">&nbsp;<\/span><\/p>\n<p class=\"MsoNormal\"><strong><span lang=\"DE\">Cookies<\/span><\/strong><\/p>\n<p class=\"MsoNormal\"><span lang=\"DE\">Our website uses HTTP cookies to save user-specific data. <\/span><span lang=\"DE\">Im Folgenden erkl\u00e4ren wir, was Cookies sind und warum sie genutzt werden:<\/span><\/p>\n<p class=\"MsoNormal\"><span lang=\"DE\">&nbsp;<\/span><\/p>\n<p class=\"MsoNormal\"><em><span lang=\"DE\">What exactly are cookies?<\/span><\/em><\/p>\n<p class=\"MsoNormal\"><span lang=\"DE\">Whenever you surf the Internet, you are using a browser. Well-known browsers include Chrome, Safari, Firefox, Internet Explorer and Microsoft Edge. Most websites save small text files in your browser. These files are called cookies.<\/span><\/p>\n<p class=\"MsoNormal\"><span lang=\"DE\">Cookies store certain user data about you, such as language or personal page settings. When you visit our site again, your browser sends the \"user-related\" information back to our site. Thanks to cookies, our website knows who you are and offers you your usual standard settings. In some browsers each cookie has its own file, in others, such as Firefox, all cookies are stored in a single file.<\/span><\/p>\n<p class=\"MsoNormal\"><span lang=\"DE\">There are both first-party cookies and third-party cookies. First-party cookies are created directly from our side, third-party cookies are created by partner websites (e.g. Google Analytics). Each cookie must be evaluated individually, as each cookie stores different data. The expiry time of a cookie also varies from a few minutes to a few years. Cookies are not software programs and do not contain viruses, Trojans or other \"pests\". Cookies cannot access information on your PC either.<\/span><\/p>\n<p class=\"MsoNormal\"><span lang=\"DE\">&nbsp;<\/span><\/p>\n<p class=\"MsoNormal\"><em><span lang=\"DE\">How can I delete cookies?<\/span><\/em><\/p>\n<p class=\"MsoNormal\"><span lang=\"DE\">You decide for yourself how and whether you want to use cookies. Regardless of which service or website the cookies originate from, you always have the option of deleting cookies, only partially allowing them or deactivating them. For example, you can block third-party cookies, but allow all other cookies.<\/span><\/p>\n<p class=\"MsoNormal\"><span lang=\"DE\">If you want to prevent the use of cookies, you can do this through local settings in your internet browser (e.g. Internet Explorer, Mozilla Firefox, Opera or Safari).<\/span><\/p>\n<p class=\"MsoNormal\"><span lang=\"DE\">&nbsp;<\/span><\/p>\n<p class=\"MsoNormal\"><strong><span lang=\"DE\">Storage of personal data<\/span><\/strong><\/p>\n<p class=\"MsoNormal\"><span lang=\"DE\">Personal data that you transmit to us electronically on this website, such as name, e-mail address, address or other personal information in the context of submitting a form or comments in the blog or similar, will be saved by us together with the time and the IP address are only used for the specified purpose, stored securely and not passed on to third parties.<\/span><\/p>\n<p class=\"MsoNormal\"><span lang=\"DE\">We therefore only use your personal data for communication with those visitors who expressly request contact and only in connection with the donation process. We do not pass on your personal data without your consent, but we cannot rule out that this data will be viewed in the event of illegal behavior.<\/span><\/p>\n<p class=\"MsoNormal\"><span lang=\"DE\">If you send us personal data by email - outside of this website - we cannot guarantee secure transmission and protection of your data. <\/span><\/p>\n<p class=\"MsoNormal\"><span lang=\"DE\">According to Article 6 Paragraph 1 at GDPR (lawfulness of processing), the legal basis is that you give us your consent to process the data you have entered. You can revoke this consent at any time - an informal e-mail is sufficient, you will find our contact details in the imprint.<\/span><\/p>\n<p class=\"MsoNormal\"><span lang=\"DE\">&nbsp;<\/span><\/p>\n<p class=\"MsoNormal\"><strong><span lang=\"DE\">Rights according to the General Data Protection Regulation<\/span><\/strong><\/p>\n<p class=\"MsoNormal\"><span lang=\"DE\">According to the provisions of the GDPR, you have the following rights:<\/span><\/p>\n<p class=\"MsoNormal\"><span lang=\"DE\">\u2022\u00a0\u00a0\u00a0\u00a0\u00a0\u00a0\u00a0\u00a0\u00a0\u00a0\u00a0\u00a0 Right to rectification (Article 16 GDPR)<\/span><\/p>\n<p class=\"MsoNormal\"><span lang=\"DE\">\u2022\u00a0\u00a0\u00a0\u00a0\u00a0\u00a0\u00a0\u00a0\u00a0\u00a0\u00a0\u00a0 Right to cancellation (\"right to be forgotten\") (Article 17 GDPR)<\/span><\/p>\n<p class=\"MsoNormal\"><span lang=\"DE\">\u2022\u00a0\u00a0\u00a0\u00a0\u00a0\u00a0\u00a0\u00a0\u00a0\u00a0\u00a0\u00a0 Right to restriction of processing (Article 18 GDPR)<\/span><\/p>\n<p class=\"MsoNormal\"><span lang=\"DE\">\u2022\u00a0\u00a0\u00a0\u00a0\u00a0\u00a0\u00a0\u00a0\u00a0\u00a0\u00a0\u00a0 Right to notification - obligation to notify in connection with the correction or deletion of personal data or the restriction of processing (Article 19 GDPR)<\/span><\/p>\n<p class=\"MsoNormal\"><span lang=\"DE\">\u2022\u00a0\u00a0\u00a0\u00a0\u00a0\u00a0\u00a0\u00a0\u00a0\u00a0\u00a0\u00a0 Right to data portability (Article 20 GDPR)<\/span><\/p>\n<p class=\"MsoNormal\"><span lang=\"DE\">\u2022\u00a0\u00a0\u00a0\u00a0\u00a0\u00a0\u00a0\u00a0\u00a0\u00a0\u00a0\u00a0 Right to object (Article 21 GDPR)<\/span><\/p>\n<p class=\"MsoNormal\"><span lang=\"DE\">\u2022\u00a0\u00a0\u00a0\u00a0\u00a0\u00a0\u00a0\u00a0\u00a0\u00a0\u00a0\u00a0 Right not to be subject to a decision based solely on automated processing - including profiling (Article 22 GDPR)<\/span><\/p>\n<p class=\"MsoNormal\"><span lang=\"DE\">&nbsp;<\/span><\/p>\n<p class=\"MsoNormal\"><span lang=\"DE\">If you believe that the processing of your data violates data protection law or your data protection claims have otherwise been violated in any way, you can contact the Federal Commissioner for Data Protection and Freedom of Information (BfDI).<\/span><\/p>\n<p class=\"MsoNormal\"><span lang=\"DE\">&nbsp;<\/span><\/p>\n<p class=\"MsoNormal\"><strong><span lang=\"DE\">Evaluation of visitor behavior<\/span><\/strong><\/p>\n<p class=\"MsoNormal\"><span lang=\"DE\">In the following paragraphs we will inform you whether and how we evaluate data from your visit to this website. The data collected is evaluated anonymously and we cannot identify you personally from your behavior on this website.<\/span><\/p>\n<p class=\"MsoNormal\"><span lang=\"DE\">&nbsp;<\/span><\/p>\n<p class=\"MsoNormal\"><strong><span lang=\"DE\">SSL encryption<\/span><\/strong><\/p>\n<p class=\"MsoNormal\"><span lang=\"DE\">This website uses SSL (Secure Socket Layer) encryption for the transmission of data from your browser to our server and to servers that provide files that we integrate on our website. With SSL, data is transmitted in encrypted form. The data cannot be changed and the sender can be identified. You can recognize the presence of SSL encryption by the preceding text \"https\" in front of the address of the website that is called up in the browser.<\/span><\/p>\n<p class=\"MsoNormal\"><span lang=\"DE\">&nbsp;<\/span><\/p>\n<p class=\"MsoNormal\"><strong><span lang=\"DE\">Embedded social media elements<\/span><\/strong><\/p>\n<p class=\"MsoNormal\"><span lang=\"DE\">We include elements and links from social media services on our website to display images, videos and texts. When you visit pages that display these elements, data is transferred from your browser to the respective social media service and stored there. We have no access to this data.&nbsp;<\/span>The following links lead you to the pages of the respective social media services, where it is explained how they handle your data:<\/p>\n<p class=\"MsoNormal\"><span lang=\"DE\">\u2022&nbsp;&nbsp;&nbsp;&nbsp;&nbsp;&nbsp;&nbsp;&nbsp;&nbsp;&nbsp;&nbsp;&nbsp; <a href=\"https:\/\/help.instagram.com\/519522125107875\">Instagram-Datenschutzrichtlinie<\/a><\/span><\/p>\n<p class=\"MsoNormal\"><span lang=\"DE\">\u2022&nbsp; &nbsp; &nbsp; &nbsp; &nbsp; &nbsp; &nbsp;<a href=\"https:\/\/policies.google.com\/privacy?hl=de\">Youtube-Datenschutzerkl\u00e4rung<\/a>, f\u00fcr YouTube gilt die Google Datenschutzerkl\u00e4rung:&nbsp;<\/span><\/p>\n<p class=\"MsoNormal\"><span lang=\"DE\">\u2022&nbsp;&nbsp;&nbsp;&nbsp;&nbsp;&nbsp;&nbsp;&nbsp;&nbsp;&nbsp;&nbsp;&nbsp; <a href=\"https:\/\/www.facebook.com\/about\/privacy\">Facebook-Datenrichtline<\/a><\/span><\/p>\n<p class=\"MsoNormal\"><span lang=\"DE\">\u2022&nbsp;&nbsp;&nbsp;&nbsp;&nbsp;&nbsp;&nbsp;&nbsp;&nbsp;&nbsp;&nbsp;<a href=\"https:\/\/twitter.com\/de\/privacy\">&nbsp; Twitter Datenschutzrichtlinie<\/a><\/span><\/p>\n<p class=\"MsoNormal\"><span lang=\"DE\">\u2022&nbsp;&nbsp;&nbsp;&nbsp;&nbsp;&nbsp;&nbsp;&nbsp;&nbsp;&nbsp;&nbsp;&nbsp; <a href=\"https:\/\/www.linkedin.com\/legal\/privacy-policy\">LinkedIn Datenschutzrichtlinie<\/a><\/span><span lang=\"DE\">&nbsp;<\/span><\/p>\n<p class=\"MsoNormal\"><strong><span lang=\"DE\">&nbsp;<\/span><\/strong><\/p>\n<p class=\"MsoNormal\"><strong><span lang=\"DE\">Google Maps<\/span><\/strong><\/p>\n<p class=\"MsoNormal\"><span lang=\"DE\">We use Google Maps from Google Inc. on our website. Google Ireland Limited (Gordon House, Barrow Street Dublin 4, Ireland) is responsible for all Google services in Europe. With Google Maps we can show you locations better. By using Google Maps, data is transmitted to Google and stored on Google's servers.<\/span><\/p>\n<p><a href=\"https:\/\/www.google.com\/intl\/de_de\/help\/terms_maps\/\"><span lang=\"DE\">Nutzungsbedingungen f\u00fcr Google Maps<\/span><\/a><\/p>\n<p class=\"MsoNormal\"><a href=\"https:\/\/policies.google.com\/privacy?hl=de&amp;gl=de\"><span lang=\"DE\">Datenschutzbedingungen von Google<\/span><\/a><\/p>\n<p class=\"MsoNormal\"><span lang=\"DE\">&nbsp;<\/span><\/p>\n<p class=\"MsoNormal\"><strong><span lang=\"DE\">Newsletter<\/span><\/strong><\/p>\n<p class=\"MsoNormal\"><span lang=\"DE\">When you register for our newsletter, you transmit the above personal data and give us the right to contact you by email. We only use the data stored when registering for the newsletter for our newsletter and do not pass it on. <\/span><\/p>\n<p class=\"MsoNormal\"><span lang=\"DE\">Should you unsubscribe from the newsletter - you will find a notice for this in every newsletter - then we will delete all data that was saved when you registered for the newsletter. <\/span><\/p>\n<p class=\"MsoNormal\"><span lang=\"DE\">&nbsp;<\/span><\/p>\n<p class=\"MsoNormal\"><strong><span lang=\"DE\">Google Analytics<\/span><\/strong><\/p>\n<p class=\"MsoNormal\"><span lang=\"DE\">We use the Google Analytics (GA) analysis tracking tool from the American company Google Inc. on our website. Google Ireland Limited (Gordon House, Barrow Street Dublin 4, Ireland) is responsible for all Google services in Europe. <\/span><\/p>\n<p class=\"MsoNormal\"><span lang=\"DE\">Google Analytics collects data about your actions on our website. For example, if you click on a link, this action is saved in a cookie and sent to Google Analytics. With the help of the reports we receive from Google Analytics, we can better adapt our website to your needs. In the following we will go into more detail about the tracking tool and inform you above all about which data is stored and how you can prevent this.<\/span><\/p>\n<p class=\"MsoNormal\"><span lang=\"DE\">&nbsp;<\/span><\/p>\n<p class=\"MsoNormal\"><em><span lang=\"DE\">Which data is saved by Google Analytics?<\/span><\/em><\/p>\n<p class=\"MsoNormal\"><span lang=\"DE\">Google Analytics uses a tracking code to create a random, unique ID that is linked to your browser cookie. This is how Google Analytics recognizes you as a new user. The next time you visit our site, you will be recognized as a \"returning\" user. All collected data is saved together with this user ID. Only then is it possible to evaluate pseudonymous user profiles.<\/span><\/p>\n<p class=\"MsoNormal\"><span lang=\"DE\">Your interactions on our website are measured through identifiers such as cookies and app instance IDs. Interactions are all types of actions that you carry out on our website. If you also use other Google systems (such as a Google account), data generated by Google Analytics can be linked to third-party cookies. Google does not pass on any Google Analytics data unless we as the website operator approve it. Exceptions may be made if required by law.<\/span><\/p>\n<p class=\"MsoNormal\"><span lang=\"DE\">&nbsp;<\/span><\/p>\n<p class=\"MsoNormal\"><em><span lang=\"DE\">How can I delete my data or prevent data storage?<\/span><\/em><\/p>\n<p class=\"MsoNormal\"><span lang=\"DE\">According to the data protection law of the European Union, you have the right to receive information about your data, to update it, to delete it or to restrict it. With the help of the browser add-on to deactivate Google Analytics JavaScript (ga.js, analytics.js, dc.js), you prevent Google Analytics from using your data. You can download and install the browser add-on at https:\/\/tools.google.com\/dlpage\/gaoptout?hl=de. Please note that this add-on only deactivates data collection by Google Analytics.<\/span><\/p>\n<p class=\"MsoNormal\"><span lang=\"DE\">Google Analytics is an active participant in the EU-U.S. Privacy Shield Framework, which regulates the correct and secure transfer of personal data. <a href=\"https:\/\/www.privacyshield.gov\/participant?id=a2zt000000001L5AAI&amp;tid=311185894.\">More information<\/a>.<\/span><\/p>\n<p class=\"MsoNormal\"><span lang=\"DE\">We hope we were able to provide you with the most important information about data processing by Google Analytics. If you want to learn more about the tracking service, we recommend these two links: <a href=\"http:\/\/www.google.com\/analytics\/terms\/de.html\">Terms<\/a> and <a href=\"https:\/\/support.google.com\/analytics\/answer\/6004245?hl=de\">Answer<\/a><\/span><\/p>\n<p class=\"MsoNormal\"><span lang=\"DE\">&nbsp;<\/span><\/p>\n<p class=\"MsoNormal\"><strong><span lang=\"DE\">Changes to the data protection regulations<\/span><\/strong><\/p>\n<p class=\"MsoNormal\"><span lang=\"DE\">Should we make changes to this website due to technical developments and \/ or content adjustments, we reserve the right to change our security and data protection measures. It can also happen that our data protection declaration has to be adjusted. Therefore, please always pay attention to our latest version.<\/span><\/p>\n<p class=\"MsoNormal\"><span lang=\"DE\">&nbsp;<\/span><\/p>\n<p class=\"MsoNormal\"><strong><span lang=\"DE\">Source: In part, this data protection declaration was created with the help of the data protection generator from AdSimple in cooperation with bauenwir.de.<\/span><\/strong><\/p>\t\t\t\t\t\t\t\t<\/div>\n\t\t\t\t<\/div>\n\t\t\t\t<div class=\"elementor-element elementor-element-44e9bbe elementor-widget elementor-widget-spacer\" data-id=\"44e9bbe\" data-element_type=\"widget\" data-e-type=\"widget\" data-widget_type=\"spacer.default\">\n\t\t\t\t<div class=\"elementor-widget-container\">\n\t\t\t\t\t\t\t<div class=\"elementor-spacer\">\n\t\t\t<div class=\"elementor-spacer-inner\"><\/div>\n\t\t<\/div>\n\t\t\t\t\t\t<\/div>\n\t\t\t\t<\/div>\n\t\t\t\t<div class=\"elementor-element elementor-element-f2c95e1 elementor-widget elementor-widget-spacer\" data-id=\"f2c95e1\" data-element_type=\"widget\" data-e-type=\"widget\" data-widget_type=\"spacer.default\">\n\t\t\t\t<div class=\"elementor-widget-container\">\n\t\t\t\t\t\t\t<div class=\"elementor-spacer\">\n\t\t\t<div class=\"elementor-spacer-inner\"><\/div>\n\t\t<\/div>\n\t\t\t\t\t\t<\/div>\n\t\t\t\t<\/div>\n\t\t\t\t\t<\/div>\n\t\t<\/div>\n\t\t\t\t\t<\/div>\n\t\t<\/section>\n\t\t\t\t<\/div>","protected":false},"excerpt":{"rendered":"<p>Datenschutzerkl\u00e4rung Kontaktpersonen Bei weiterf\u00fchrenden Fragen wende Dich bitte an Marie Habdank, Maren Hildebrand und Tobias Hildebrand (info.germany@efye.org). &nbsp; Erkl\u00e4rung zum Datenschutz Wir haben diese Datenschutzerkl\u00e4rung (Fassung 16.06.2020) verfasst, um Dir gem\u00e4\u00df der Vorgaben der Datenschutz-Grundverordnung (EU) 2016\/679 zu erkl\u00e4ren, welche Informationen wir sammeln, wie wir Daten verwenden und welche Entscheidungsm\u00f6glichkeiten [&hellip;]<\/p>\n","protected":false},"author":1,"featured_media":0,"parent":0,"menu_order":0,"comment_status":"closed","ping_status":"closed","template":"","meta":{"footnotes":""},"class_list":["post-6530","page","type-page","status-publish","hentry"],"_links":{"self":[{"href":"https:\/\/efye.org\/en\/wp-json\/wp\/v2\/pages\/6530","targetHints":{"allow":["GET"]}}],"collection":[{"href":"https:\/\/efye.org\/en\/wp-json\/wp\/v2\/pages"}],"about":[{"href":"https:\/\/efye.org\/en\/wp-json\/wp\/v2\/types\/page"}],"author":[{"embeddable":true,"href":"https:\/\/efye.org\/en\/wp-json\/wp\/v2\/users\/1"}],"replies":[{"embeddable":true,"href":"https:\/\/efye.org\/en\/wp-json\/wp\/v2\/comments?post=6530"}],"version-history":[{"count":12,"href":"https:\/\/efye.org\/en\/wp-json\/wp\/v2\/pages\/6530\/revisions"}],"predecessor-version":[{"id":7098,"href":"https:\/\/efye.org\/en\/wp-json\/wp\/v2\/pages\/6530\/revisions\/7098"}],"wp:attachment":[{"href":"https:\/\/efye.org\/en\/wp-json\/wp\/v2\/media?parent=6530"}],"curies":[{"name":"wp","href":"https:\/\/api.w.org\/{rel}","templated":true}]}}